{"id":1368,"date":"2023-02-02T22:59:43","date_gmt":"2023-02-02T21:59:43","guid":{"rendered":"https:\/\/4creators.ai\/?post_type=product&#038;p=1368"},"modified":"2026-04-22T10:12:41","modified_gmt":"2026-04-22T08:12:41","slug":"acces-picasso-ai","status":"publish","type":"product","link":"https:\/\/4creators.ai\/es\/tarifs\/acces-picasso-ai\/","title":{"rendered":"Acc\u00e8s 4Creators AI"},"content":{"rendered":"\t\t<div data-elementor-type=\"product-post\" data-elementor-id=\"1368\" class=\"elementor elementor-1368\" data-elementor-post-type=\"product\">\n\t\t\t\t<div class=\"elementor-element elementor-element-cc95012 e-flex e-con-boxed e-con e-parent\" data-id=\"cc95012\" data-element_type=\"container\" data-settings=\"{&quot;background_background&quot;:&quot;classic&quot;}\">\n\t\t\t\t\t<div class=\"e-con-inner\">\n\t\t<div class=\"elementor-element elementor-element-f38a7ab e-con-full glassmorphism e-flex e-con e-parent\" data-id=\"f38a7ab\" data-element_type=\"container\">\n\t\t\t\t<div class=\"elementor-element elementor-element-26ebf26 elementor-widget elementor-widget-heading\" data-id=\"26ebf26\" data-element_type=\"widget\" data-widget_type=\"heading.default\">\n\t\t\t\t<div class=\"elementor-widget-container\">\n\t\t\t\t\t<h2 class=\"elementor-heading-title elementor-size-default\">Votre avis \u00e0 \u00e9t\u00e9 envoy\u00e9 !<\/h2>\t\t\t\t<\/div>\n\t\t\t\t<\/div>\n\t\t\t\t<div class=\"elementor-element elementor-element-0a13902 elementor-widget elementor-widget-text-editor\" data-id=\"0a13902\" data-element_type=\"widget\" data-widget_type=\"text-editor.default\">\n\t\t\t\t<div class=\"elementor-widget-container\">\n\t\t\t\t\t\t\t\t\t<p><strong>Redirection en cours&#8230;<\/strong><\/p>\t\t\t\t\t\t\t\t<\/div>\n\t\t\t\t<\/div>\n\t\t\t\t<div class=\"elementor-element elementor-element-ab366e2 elementor-widget elementor-widget-html\" data-id=\"ab366e2\" data-element_type=\"widget\" data-widget_type=\"html.default\">\n\t\t\t\t<div class=\"elementor-widget-container\">\n\t\t\t\t\t<meta http-equiv=\"Refresh\" content=\"0; url='https:\/\/4creators.ai\/picasso-ai'\" \/>\n\t\t\t\t<\/div>\n\t\t\t\t<\/div>\n\t\t\t\t<\/div>\n\t\t\t\t\t<\/div>\n\t\t\t\t<\/div>\n\t\t\t\t<\/div>\n\t\t","protected":false},"excerpt":{"rendered":"<p>Votre avis \u00e0 \u00e9t\u00e9 envoy\u00e9 ! Redirection en cours&#8230; &nbsp;<\/p>\n","protected":false},"featured_media":341,"comment_status":"open","ping_status":"closed","template":"elementor_header_footer","meta":{"_acf_changed":false},"product_brand":[],"product_cat":[16],"product_tag":[],"class_list":{"0":"post-1368","1":"product","2":"type-product","3":"status-publish","4":"has-post-thumbnail","6":"product_cat-uncategorized","8":"first","9":"instock","10":"sale","11":"shipping-taxable","12":"purchasable","13":"product-type-variable-subscription"},"acf":[],"yoast_head":"<!-- This site is optimized with the Yoast SEO plugin v25.5 - https:\/\/yoast.com\/wordpress\/plugins\/seo\/ -->\n<title>Acc\u00e8s 4Creators AI - 4Creators AI<\/title>\n<meta name=\"robots\" content=\"index, follow, max-snippet:-1, max-image-preview:large, max-video-preview:-1\" \/>\n<link rel=\"canonical\" href=\"https:\/\/4creators.ai\/tarifs\/acces-picasso-ai\/\" \/>\n<meta property=\"og:locale\" content=\"es_ES\" \/>\n<meta property=\"og:type\" content=\"article\" \/>\n<meta property=\"og:title\" content=\"Acc\u00e8s 4Creators AI - 4Creators AI\" \/>\n<meta property=\"og:description\" content=\"Votre avis \u00e0 \u00e9t\u00e9 envoy\u00e9 ! Redirection en cours&#8230; &nbsp;\" \/>\n<meta property=\"og:url\" content=\"https:\/\/4creators.ai\/tarifs\/acces-picasso-ai\/\" \/>\n<meta property=\"og:site_name\" content=\"4Creators AI\" \/>\n<meta property=\"article:publisher\" content=\"https:\/\/www.facebook.com\/picassoai\/\" \/>\n<meta property=\"article:modified_time\" content=\"2026-04-22T08:12:41+00:00\" \/>\n<meta property=\"og:image\" content=\"https:\/\/4creators.ai\/wp-content\/uploads\/2023\/01\/favicon.png\" \/>\n\t<meta property=\"og:image:width\" content=\"311\" \/>\n\t<meta property=\"og:image:height\" content=\"311\" \/>\n\t<meta property=\"og:image:type\" content=\"image\/png\" \/>\n<meta name=\"twitter:card\" content=\"summary_large_image\" \/>\n<meta name=\"twitter:label1\" content=\"Tiempo de lectura\" \/>\n\t<meta name=\"twitter:data1\" content=\"1 minuto\" \/>\n<script type=\"application\/ld+json\" class=\"yoast-schema-graph\">{\"@context\":\"https:\/\/schema.org\",\"@graph\":[{\"@type\":\"WebPage\",\"@id\":\"https:\/\/4creators.ai\/tarifs\/acces-picasso-ai\/\",\"url\":\"https:\/\/4creators.ai\/tarifs\/acces-picasso-ai\/\",\"name\":\"Acc\u00e8s 4Creators AI - 4Creators AI\",\"isPartOf\":{\"@id\":\"https:\/\/4creators.ai\/#website\"},\"primaryImageOfPage\":{\"@id\":\"https:\/\/4creators.ai\/tarifs\/acces-picasso-ai\/#primaryimage\"},\"image\":{\"@id\":\"https:\/\/4creators.ai\/tarifs\/acces-picasso-ai\/#primaryimage\"},\"thumbnailUrl\":\"https:\/\/4creators.ai\/wp-content\/uploads\/2023\/01\/favicon.png\",\"datePublished\":\"2023-02-02T21:59:43+00:00\",\"dateModified\":\"2026-04-22T08:12:41+00:00\",\"breadcrumb\":{\"@id\":\"https:\/\/4creators.ai\/tarifs\/acces-picasso-ai\/#breadcrumb\"},\"inLanguage\":\"es\",\"potentialAction\":[{\"@type\":\"ReadAction\",\"target\":[\"https:\/\/4creators.ai\/tarifs\/acces-picasso-ai\/\"]}]},{\"@type\":\"ImageObject\",\"inLanguage\":\"es\",\"@id\":\"https:\/\/4creators.ai\/tarifs\/acces-picasso-ai\/#primaryimage\",\"url\":\"https:\/\/4creators.ai\/wp-content\/uploads\/2023\/01\/favicon.png\",\"contentUrl\":\"https:\/\/4creators.ai\/wp-content\/uploads\/2023\/01\/favicon.png\",\"width\":311,\"height\":311},{\"@type\":\"BreadcrumbList\",\"@id\":\"https:\/\/4creators.ai\/tarifs\/acces-picasso-ai\/#breadcrumb\",\"itemListElement\":[{\"@type\":\"ListItem\",\"position\":1,\"name\":\"Accueil\",\"item\":\"https:\/\/4creators.ai\/\"},{\"@type\":\"ListItem\",\"position\":2,\"name\":\"Produits\",\"item\":\"https:\/\/4creators.ai\/shop\/\"},{\"@type\":\"ListItem\",\"position\":3,\"name\":\"Acc\u00e8s 4Creators AI\"}]},{\"@type\":\"WebSite\",\"@id\":\"https:\/\/4creators.ai\/#website\",\"url\":\"https:\/\/4creators.ai\/\",\"name\":\"4Creators AI\",\"description\":\"L&#039;intelligence Artificielle des Cr\u00e9ateurs\",\"publisher\":{\"@id\":\"https:\/\/4creators.ai\/#organization\"},\"potentialAction\":[{\"@type\":\"SearchAction\",\"target\":{\"@type\":\"EntryPoint\",\"urlTemplate\":\"https:\/\/4creators.ai\/?s={search_term_string}\"},\"query-input\":{\"@type\":\"PropertyValueSpecification\",\"valueRequired\":true,\"valueName\":\"search_term_string\"}}],\"inLanguage\":\"es\"},{\"@type\":\"Organization\",\"@id\":\"https:\/\/4creators.ai\/#organization\",\"name\":\"4Creators AI\",\"url\":\"https:\/\/4creators.ai\/\",\"logo\":{\"@type\":\"ImageObject\",\"inLanguage\":\"es\",\"@id\":\"https:\/\/4creators.ai\/#\/schema\/logo\/image\/\",\"url\":\"https:\/\/4creators.ai\/wp-content\/uploads\/2023\/01\/logo.png\",\"contentUrl\":\"https:\/\/4creators.ai\/wp-content\/uploads\/2023\/01\/logo.png\",\"width\":622,\"height\":253,\"caption\":\"4Creators AI\"},\"image\":{\"@id\":\"https:\/\/4creators.ai\/#\/schema\/logo\/image\/\"},\"sameAs\":[\"https:\/\/www.facebook.com\/picassoai\/\",\"https:\/\/instagram.com\/picassoai.app\"]}]}<\/script>\n<!-- \/ Yoast SEO plugin. -->","yoast_head_json":{"title":"Acc\u00e8s 4Creators AI - 4Creators AI","robots":{"index":"index","follow":"follow","max-snippet":"max-snippet:-1","max-image-preview":"max-image-preview:large","max-video-preview":"max-video-preview:-1"},"canonical":"https:\/\/4creators.ai\/tarifs\/acces-picasso-ai\/","og_locale":"es_ES","og_type":"article","og_title":"Acc\u00e8s 4Creators AI - 4Creators AI","og_description":"Votre avis \u00e0 \u00e9t\u00e9 envoy\u00e9 ! Redirection en cours&#8230; &nbsp;","og_url":"https:\/\/4creators.ai\/tarifs\/acces-picasso-ai\/","og_site_name":"4Creators AI","article_publisher":"https:\/\/www.facebook.com\/picassoai\/","article_modified_time":"2026-04-22T08:12:41+00:00","og_image":[{"width":311,"height":311,"url":"https:\/\/4creators.ai\/wp-content\/uploads\/2023\/01\/favicon.png","type":"image\/png"}],"twitter_card":"summary_large_image","twitter_misc":{"Tiempo de lectura":"1 minuto"},"schema":{"@context":"https:\/\/schema.org","@graph":[{"@type":"WebPage","@id":"https:\/\/4creators.ai\/tarifs\/acces-picasso-ai\/","url":"https:\/\/4creators.ai\/tarifs\/acces-picasso-ai\/","name":"Acc\u00e8s 4Creators AI - 4Creators AI","isPartOf":{"@id":"https:\/\/4creators.ai\/#website"},"primaryImageOfPage":{"@id":"https:\/\/4creators.ai\/tarifs\/acces-picasso-ai\/#primaryimage"},"image":{"@id":"https:\/\/4creators.ai\/tarifs\/acces-picasso-ai\/#primaryimage"},"thumbnailUrl":"https:\/\/4creators.ai\/wp-content\/uploads\/2023\/01\/favicon.png","datePublished":"2023-02-02T21:59:43+00:00","dateModified":"2026-04-22T08:12:41+00:00","breadcrumb":{"@id":"https:\/\/4creators.ai\/tarifs\/acces-picasso-ai\/#breadcrumb"},"inLanguage":"es","potentialAction":[{"@type":"ReadAction","target":["https:\/\/4creators.ai\/tarifs\/acces-picasso-ai\/"]}]},{"@type":"ImageObject","inLanguage":"es","@id":"https:\/\/4creators.ai\/tarifs\/acces-picasso-ai\/#primaryimage","url":"https:\/\/4creators.ai\/wp-content\/uploads\/2023\/01\/favicon.png","contentUrl":"https:\/\/4creators.ai\/wp-content\/uploads\/2023\/01\/favicon.png","width":311,"height":311},{"@type":"BreadcrumbList","@id":"https:\/\/4creators.ai\/tarifs\/acces-picasso-ai\/#breadcrumb","itemListElement":[{"@type":"ListItem","position":1,"name":"Accueil","item":"https:\/\/4creators.ai\/"},{"@type":"ListItem","position":2,"name":"Produits","item":"https:\/\/4creators.ai\/shop\/"},{"@type":"ListItem","position":3,"name":"Acc\u00e8s 4Creators AI"}]},{"@type":"WebSite","@id":"https:\/\/4creators.ai\/#website","url":"https:\/\/4creators.ai\/","name":"4Creators AI","description":"L&#039;intelligence Artificielle des Cr\u00e9ateurs","publisher":{"@id":"https:\/\/4creators.ai\/#organization"},"potentialAction":[{"@type":"SearchAction","target":{"@type":"EntryPoint","urlTemplate":"https:\/\/4creators.ai\/?s={search_term_string}"},"query-input":{"@type":"PropertyValueSpecification","valueRequired":true,"valueName":"search_term_string"}}],"inLanguage":"es"},{"@type":"Organization","@id":"https:\/\/4creators.ai\/#organization","name":"4Creators AI","url":"https:\/\/4creators.ai\/","logo":{"@type":"ImageObject","inLanguage":"es","@id":"https:\/\/4creators.ai\/#\/schema\/logo\/image\/","url":"https:\/\/4creators.ai\/wp-content\/uploads\/2023\/01\/logo.png","contentUrl":"https:\/\/4creators.ai\/wp-content\/uploads\/2023\/01\/logo.png","width":622,"height":253,"caption":"4Creators AI"},"image":{"@id":"https:\/\/4creators.ai\/#\/schema\/logo\/image\/"},"sameAs":["https:\/\/www.facebook.com\/picassoai\/","https:\/\/instagram.com\/picassoai.app"]}]}},"_links":{"self":[{"href":"https:\/\/4creators.ai\/es\/wp-json\/wp\/v2\/product\/1368"}],"collection":[{"href":"https:\/\/4creators.ai\/es\/wp-json\/wp\/v2\/product"}],"about":[{"href":"https:\/\/4creators.ai\/es\/wp-json\/wp\/v2\/types\/product"}],"replies":[{"embeddable":true,"href":"https:\/\/4creators.ai\/es\/wp-json\/wp\/v2\/comments?post=1368"}],"version-history":[{"count":9,"href":"https:\/\/4creators.ai\/es\/wp-json\/wp\/v2\/product\/1368\/revisions"}],"predecessor-version":[{"id":9237,"href":"https:\/\/4creators.ai\/es\/wp-json\/wp\/v2\/product\/1368\/revisions\/9237"}],"wp:featuredmedia":[{"embeddable":true,"href":"https:\/\/4creators.ai\/es\/wp-json\/wp\/v2\/media\/341"}],"wp:attachment":[{"href":"https:\/\/4creators.ai\/es\/wp-json\/wp\/v2\/media?parent=1368"}],"wp:term":[{"taxonomy":"product_brand","embeddable":true,"href":"https:\/\/4creators.ai\/es\/wp-json\/wp\/v2\/product_brand?post=1368"},{"taxonomy":"product_cat","embeddable":true,"href":"https:\/\/4creators.ai\/es\/wp-json\/wp\/v2\/product_cat?post=1368"},{"taxonomy":"product_tag","embeddable":true,"href":"https:\/\/4creators.ai\/es\/wp-json\/wp\/v2\/product_tag?post=1368"}],"curies":[{"name":"wp","href":"https:\/\/api.w.org\/{rel}","templated":true}]}}